{"id":139,"date":"2024-02-14T10:46:30","date_gmt":"2024-02-14T09:46:30","guid":{"rendered":"https:\/\/artno-creations.fr\/site-web\/?page_id=139"},"modified":"2024-02-25T11:05:31","modified_gmt":"2024-02-25T10:05:31","slug":"mentions-legales","status":"publish","type":"page","link":"https:\/\/artno-creations.fr\/site-web\/mentions-legales\/","title":{"rendered":"Mentions l\u00e9gales"},"content":{"rendered":"\n<div class=\"wp-block-group has-global-padding is-layout-constrained wp-block-group-is-layout-constrained\">\n<p><strong>1. \u00c9diteur du site :<\/strong><\/p>\n\n\n\n<p>Le site <a href=\"https:\/\/artno-creations.fr\/\">https:\/\/artno-creations.fr<\/a> est repr\u00e9sent\u00e9e par Laurence Poitrimol.<\/p>\n\n\n\n<p><strong>2. H\u00e9bergeur du site :<\/strong><\/p>\n\n\n\n<p>Le site est h\u00e9berg\u00e9 par OVH, dont le si\u00e8ge social est situ\u00e9 \u00e0 Roubaix.<\/p>\n\n\n\n<p><strong>3. Propri\u00e9t\u00e9 intellectuelle :<\/strong><\/p>\n\n\n\n<p>L&rsquo;ensemble des \u00e9l\u00e9ments figurant sur le site, tels que les textes, images, logos, vid\u00e9os, ainsi que leur mise en page, sont la propri\u00e9t\u00e9 exclusive de Laurence POITRIMOL ou font l&rsquo;objet d&rsquo;une autorisation d&rsquo;utilisation.<\/p>\n\n\n\n<p><strong>4. Loi applicable et juridiction comp\u00e9tente :<\/strong><\/p>\n\n\n\n<p>Les pr\u00e9sentes mentions l\u00e9gales sont soumises au droit fran\u00e7ais. En cas de litige, les tribunaux fran\u00e7ais seront seuls comp\u00e9tents.<\/p>\n<\/div>\n","protected":false},"excerpt":{"rendered":"<p>1. \u00c9diteur du site : Le site https:\/\/artno-creations.fr est repr\u00e9sent\u00e9e par Laurence Poitrimol. 2. H\u00e9bergeur du site : Le site est h\u00e9berg\u00e9 par OVH, dont le si\u00e8ge social est situ\u00e9 \u00e0 Roubaix. 3. Propri\u00e9t\u00e9 intellectuelle : L&rsquo;ensemble des \u00e9l\u00e9ments figurant sur le site, tels que les textes, images, logos, vid\u00e9os, ainsi que leur mise en [&hellip;]<\/p>\n","protected":false},"author":1,"featured_media":0,"parent":0,"menu_order":0,"comment_status":"closed","ping_status":"closed","template":"","meta":{"footnotes":""},"class_list":["post-139","page","type-page","status-publish","hentry"],"_links":{"self":[{"href":"https:\/\/artno-creations.fr\/site-web\/wp-json\/wp\/v2\/pages\/139","targetHints":{"allow":["GET"]}}],"collection":[{"href":"https:\/\/artno-creations.fr\/site-web\/wp-json\/wp\/v2\/pages"}],"about":[{"href":"https:\/\/artno-creations.fr\/site-web\/wp-json\/wp\/v2\/types\/page"}],"author":[{"embeddable":true,"href":"https:\/\/artno-creations.fr\/site-web\/wp-json\/wp\/v2\/users\/1"}],"replies":[{"embeddable":true,"href":"https:\/\/artno-creations.fr\/site-web\/wp-json\/wp\/v2\/comments?post=139"}],"version-history":[{"count":4,"href":"https:\/\/artno-creations.fr\/site-web\/wp-json\/wp\/v2\/pages\/139\/revisions"}],"predecessor-version":[{"id":1009,"href":"https:\/\/artno-creations.fr\/site-web\/wp-json\/wp\/v2\/pages\/139\/revisions\/1009"}],"wp:attachment":[{"href":"https:\/\/artno-creations.fr\/site-web\/wp-json\/wp\/v2\/media?parent=139"}],"curies":[{"name":"wp","href":"https:\/\/api.w.org\/{rel}","templated":true}]}}